{"id":14771,"date":"2025-08-07T09:38:07","date_gmt":"2025-08-07T09:38:07","guid":{"rendered":"https:\/\/bzen.stagenv.dev\/?page_id=14771"},"modified":"2025-11-04T09:37:24","modified_gmt":"2025-11-04T09:37:24","slug":"servicecenter","status":"publish","type":"page","link":"https:\/\/bzenbikes.com\/de\/servicecenter\/","title":{"rendered":"Servicecenter BZEN E-Bikes"},"content":{"rendered":"\n<section class=\"wp-block-custom-container block-content  has-color-1-background-color has-background\">\t\t\t\t<style>\n<\/style>\n\t\t\t\t<div class=\"container\"><div class=\"container__body\">\n<h1 class=\"wp-block-heading is-style-h1\" style=\"padding-top:var(--wp--preset--spacing--small);padding-bottom:0;font-size:3rem\">Zertifizierte Partner-Shops<\/h1>\n\n\n\t\t\t\t<style>p.is-style-uppercase{text-transform:uppercase}p.is-style-preheading{color:var(--wp--preset--color--secondary);text-transform:uppercase}p.is-style-subheading{color:var(--wp--preset--color--primary);font-weight:800;letter-spacing:0.075rem;margin-bottom:1.5rem;text-transform:uppercase;font-size:1rem;line-height:1.5}p.is-style-leadparagraph{font-weight:700;font-size:1rem;line-height:1.5}@media(min-width: 768px){p.is-style-leadparagraph{font-size:1.125rem;line-height:1.5}}\n<\/style>\n\t\t\t\t\n<p class=\"is-style-h2 has-medium-font-size\">Unsere zertifizierten Partner sind erfahrene Fahrradfachgesch\u00e4fte, die erstklassigen Service und Reparaturen f\u00fcr BZEN E-Bikes anbieten. Mit ihrem Know-how sorgen sie daf\u00fcr, dass dein Rad jederzeit in Top-Zustand bleibt. Als Service-Center unterst\u00fctzen sie dich auch lange nach dem Kauf \u2013 und als Teststandort helfen sie dir, das perfekte BZEN E-Bike f\u00fcr deine Bed\u00fcrfnisse zu finden.  <\/p>\n\n\n<section class=\"store-locator\" data-block-id=\"store-locator-69d637b391faf\">\n\t\t\t\t<style>.store-locator{background-color:#f6f8fc}@media(max-width: 992px){.store-locator #wpsl-wrap{display:flex;flex-direction:column;gap:1rem}}@media(max-width: 992px){.store-locator #wpsl-wrap .wpsl-select-wrap{display:flex;align-items:flex-end;gap:1rem}}.store-locator form select{display:block !important;border-radius:3.125rem !important;padding:.77rem !important;border:1px solid #ced7e2 !important;min-width:10rem !important;width:fit-content !important;color:var(--wp--preset--color--dark) !important;cursor:pointer}.store-locator form select.open{border-radius:1.5625rem 1.5625rem 0 0 !important}.store-locator .wpsl-search{background-color:rgba(0,0,0,0);margin-bottom:var(--wp--preset--spacing--size-40);padding-left:0}.store-locator .wpsl-search input{border-radius:3.125rem !important;padding:.77rem !important;border:1px solid #ced7e2 !important;min-width:6.25rem !important;width:fit-content !important}.store-locator .wpsl-search #wpsl-category .wpsl-dropdown{min-width:12.5rem !important}.store-locator .wpsl-search .wpsl-dropdown{background-color:unset !important;border:none;width:unset !important}.store-locator .wpsl-search .wpsl-dropdown:hover{box-shadow:none !important}.store-locator .wpsl-search .wpsl-dropdown>div{display:none !important}.store-locator .wpsl-search .wpsl-dropdown>span{display:none !important}.store-locator .wpsl-search .wpsl-dropdown.wpsl-active{border-radius:1.25rem 1.25rem 0rem 0rem !important}.store-locator .wpsl-search .wpsl-selected-item{padding:0 !important}.store-locator .wpsl-search label{width:fit-content !important}.store-locator .wpsl-search .wpsl-input,.store-locator .wpsl-search #wpsl-radius,.store-locator .wpsl-search #wpsl-category,.store-locator .wpsl-search #wpsl-results{display:flex !important;flex-direction:column;gap:.5rem;width:fit-content;margin-bottom:0 !important}.store-locator .wpsl-search #wpsl-search-btn{display:flex;align-items:center;justify-content:center;font-size:1rem;color:#fff;margin-bottom:0 !important;border-radius:100px;padding:.75rem var(--wp--preset--spacing--size-40) !important;background:var(--wp--preset--color--dark) !important}.store-locator .wpsl-search #wpsl-search-btn:hover,.store-locator .wpsl-search #wpsl-search-btn:focus{color:#fff;opacity:.8}.store-locator .wpsl-search .wpsl-select-wrap{margin-bottom:0}.store-locator .wpsl-search form{display:flex;align-items:flex-end;flex-wrap:wrap;margin-left:4px !important;row-gap:1rem}.store-locator #wpsl-gmap{width:100%}@media(min-width: 993px){.store-locator #wpsl-gmap{max-width:37.5rem}}.store-locator #wpsl-result-list{width:100%}.store-locator #wpsl-result-list ul{display:grid;grid-template-columns:1fr;gap:1rem}@media(min-width: 769px){.store-locator #wpsl-result-list ul{grid-template-columns:1fr 1fr}}@media(max-width: 1439px){.store-locator #wpsl-result-list ul{grid-template-columns:1fr}}@media(min-width: 993px){.store-locator #wpsl-result-list ul{margin-right:1.5rem}}.store-locator #wpsl-result-list li{background-color:#fff;border-radius:0.9375rem;border:1px solid #e8ecf0;padding:1rem clamp(1.25rem,2vw,1.5rem) !important;color:var(--wp--preset--color--dark)}.store-locator #wpsl-result-list li a:not(.wp-block-button__link){color:var(--wp--preset--color--dark)}.store-locator #wpsl-result-list li .buttons{display:flex;justify-content:space-between;align-items:center;margin-top:clamp(1.25rem,2vw,1.5rem);gap:clamp(1.25rem,2vw,1.5rem)}.store-locator #wpsl-result-list li .wpsl-store-terms{display:flex;flex-wrap:wrap;gap:.5rem;margin-bottom:1rem}.store-locator #wpsl-result-list li .wpsl-store-terms .badge.service-centre{color:#1c535f;background-color:#e6f7fa;border-color:#c2e0e7}.store-locator #wpsl-result-list li .wpsl-store-terms .badge.test-ride{border-color:#edd3e5;background-color:#fbf2f8;color:#ce088c}.store-locator #wpsl-result-list li .wpsl-store-terms .badge.ambassador{border-color:#f1e5d6;background-color:#fffbf8;color:#593d18}.store-locator #wpsl-result-list li strong{font-size:1.5rem;font-weight:400;margin-bottom:clamp(1.25rem,2vw,1.5rem)}.store-locator #wpsl-result-list li hr{border:none;height:1px;background-color:#e6eaf1}.store-locator #wpsl-result-list li .wpsl-street{display:block;margin-top:clamp(1.25rem,2vw,1.5rem)}.store-locator #wpsl-result-list li .wpsl-store-contact{margin-top:1ch}.store-locator #wpsl-result-list .wpsl-available-bikes__title{cursor:pointer}.store-locator #wpsl-result-list .wpsl-available-bikes__title:hover{opacity:.8}.store-locator #wpsl-result-list .wpsl-available-bikes{display:none;margin-top:1rem}.store-locator #wpsl-result-list .wpsl-available-bikes.active{display:block}.store-locator #wpsl-result-list .wpsl-store-contact p{margin-bottom:0}.store-locator__map-container{min-height:400px;position:relative}.store-locator__loading{display:flex;flex-direction:column;align-items:center;justify-content:center;height:400px;background-color:#fff;border-radius:0.9375rem;border:1px solid #e8ecf0}.store-locator__loading p{margin-top:1rem;color:var(--wp--preset--color--dark);font-size:1rem}.store-locator__spinner{width:2.5rem;height:2.5rem;border:3px solid #f3f3f3;border-top:3px solid var(--wp--preset--color--dark);border-radius:50%;animation:spin 1s linear infinite}.store-locator__error{display:flex;align-items:center;justify-content:center;height:400px;background-color:#fff;border-radius:0.9375rem;border:1px solid #e74c3c;color:#e74c3c;font-size:1rem}@keyframes spin{0%{transform:rotate(0deg)}100%{transform:rotate(360deg)}}.store-locator__legend{padding-bottom:var(--wp--preset--spacing--size-80);display:flex;margin-top:var(--wp--preset--spacing--size-40);gap:var(--wp--preset--spacing--size-32);flex-wrap:wrap}.store-locator__legend__item{max-width:17.25rem}.store-locator__legend__item-title{margin-bottom:1rem;font-size:1.25rem;color:var(--wp--preset--color--dark)}.store-locator .wpsl-book-a-ride{margin-top:1rem !important;margin-bottom:8px !important;background-color:var(--wp--preset--color--dark);color:#fff;padding:.5rem .75rem;border-radius:3.125rem;width:fit-content;display:inline-block}.store-locator .wpsl-book-a-ride a{text-decoration:none;color:#fff}\n<\/style>\n\t\t\t\t\t\t\t\t<style>.badge{display:flex;align-items:center;justify-content:center;width:fit-content;padding:0.375rem .5rem;font-size:0.75rem;font-weight:500;color:var(--wp--preset--color--dark);border-width:1px;border-style:solid;border-radius:1.5rem;background-color:#fff}.badge__text{font-size:0.75rem;font-weight:500}\n<\/style>\n\t\t\t\t\t<div class=\"container\">\n\t\t<div class=\"store-locator__map-container\" data-shortcode=\"wpsl category_selection=&quot;Service center&quot; category=&quot;service centre&quot;\">\n\t\t\t<div class=\"store-locator__loading\">\n\t\t\t\t<div class=\"store-locator__spinner\"><\/div>\n\t\t\t\t<p>Loading map&#8230;<\/p>\n\t\t\t<\/div>\n\t\t<\/div>\n\t\t<div class=\"store-locator__legend\">\n\t\t\t\t\t<\/div>\n\t<\/div>\n<\/section>\n<\/div><\/div><\/section>\n","protected":false},"excerpt":{"rendered":"","protected":false},"author":62,"featured_media":0,"parent":0,"menu_order":0,"comment_status":"closed","ping_status":"closed","template":"","meta":{"_acf_changed":false,"footnotes":""},"class_list":["post-14771","page","type-page","status-publish","hentry"],"acf":[],"yoast_head":"<!-- This site is optimized with the Yoast SEO Premium plugin v27.3 (Yoast SEO v27.3) - https:\/\/yoast.com\/product\/yoast-seo-premium-wordpress\/ -->\n<title>Servicecenter BZEN E-Bikes - BZEN Bikes<\/title>\n<meta name=\"robots\" content=\"index, follow, max-snippet:-1, max-image-preview:large, max-video-preview:-1\" \/>\n<link rel=\"canonical\" href=\"https:\/\/bzenbikes.com\/de\/servicecenter\/\" \/>\n<meta property=\"og:locale\" content=\"de_DE\" \/>\n<meta property=\"og:type\" content=\"article\" \/>\n<meta property=\"og:title\" content=\"Servicecenter BZEN E-Bikes\" \/>\n<meta property=\"og:url\" content=\"https:\/\/bzenbikes.com\/de\/servicecenter\/\" \/>\n<meta property=\"og:site_name\" content=\"BZEN Bikes\" \/>\n<meta property=\"article:publisher\" content=\"https:\/\/www.facebook.com\/BZENbikes\/\" \/>\n<meta property=\"article:modified_time\" content=\"2025-11-04T09:37:24+00:00\" \/>\n<meta name=\"twitter:card\" content=\"summary_large_image\" \/>\n<script type=\"application\/ld+json\" class=\"yoast-schema-graph\">{\"@context\":\"https:\\\/\\\/schema.org\",\"@graph\":[{\"@type\":\"WebPage\",\"@id\":\"https:\\\/\\\/bzenbikes.com\\\/de\\\/servicecenter\\\/\",\"url\":\"https:\\\/\\\/bzenbikes.com\\\/de\\\/servicecenter\\\/\",\"name\":\"Servicecenter BZEN E-Bikes - BZEN Bikes\",\"isPartOf\":{\"@id\":\"https:\\\/\\\/bzenbikes.com\\\/de\\\/#website\"},\"datePublished\":\"2025-08-07T09:38:07+00:00\",\"dateModified\":\"2025-11-04T09:37:24+00:00\",\"breadcrumb\":{\"@id\":\"https:\\\/\\\/bzenbikes.com\\\/de\\\/servicecenter\\\/#breadcrumb\"},\"inLanguage\":\"de\",\"potentialAction\":[{\"@type\":\"ReadAction\",\"target\":[\"https:\\\/\\\/bzenbikes.com\\\/de\\\/servicecenter\\\/\"]}]},{\"@type\":\"BreadcrumbList\",\"@id\":\"https:\\\/\\\/bzenbikes.com\\\/de\\\/servicecenter\\\/#breadcrumb\",\"itemListElement\":[{\"@type\":\"ListItem\",\"position\":1,\"name\":\"BZEN\",\"item\":\"https:\\\/\\\/bzenbikes.com\\\/de\\\/\"},{\"@type\":\"ListItem\",\"position\":2,\"name\":\"Servicecenter BZEN E-Bikes\"}]},{\"@type\":\"WebSite\",\"@id\":\"https:\\\/\\\/bzenbikes.com\\\/de\\\/#website\",\"url\":\"https:\\\/\\\/bzenbikes.com\\\/de\\\/\",\"name\":\"BZEN Bikes\",\"description\":\"\",\"publisher\":{\"@id\":\"https:\\\/\\\/bzenbikes.com\\\/de\\\/#organization\"},\"potentialAction\":[{\"@type\":\"SearchAction\",\"target\":{\"@type\":\"EntryPoint\",\"urlTemplate\":\"https:\\\/\\\/bzenbikes.com\\\/de\\\/?s={search_term_string}\"},\"query-input\":{\"@type\":\"PropertyValueSpecification\",\"valueRequired\":true,\"valueName\":\"search_term_string\"}}],\"inLanguage\":\"de\"},{\"@type\":[\"Organization\",\"Place\"],\"@id\":\"https:\\\/\\\/bzenbikes.com\\\/de\\\/#organization\",\"name\":\"BZEN Bikes\",\"url\":\"https:\\\/\\\/bzenbikes.com\\\/de\\\/\",\"logo\":{\"@id\":\"https:\\\/\\\/bzenbikes.com\\\/de\\\/servicecenter\\\/#local-main-organization-logo\"},\"image\":{\"@id\":\"https:\\\/\\\/bzenbikes.com\\\/de\\\/servicecenter\\\/#local-main-organization-logo\"},\"sameAs\":[\"https:\\\/\\\/www.facebook.com\\\/BZENbikes\\\/\"],\"telephone\":[],\"openingHoursSpecification\":[{\"@type\":\"OpeningHoursSpecification\",\"dayOfWeek\":[\"Monday\",\"Tuesday\",\"Wednesday\",\"Thursday\",\"Friday\",\"Saturday\",\"Sunday\"],\"opens\":\"09:00\",\"closes\":\"17:00\"}]},{\"@type\":\"ImageObject\",\"inLanguage\":\"de\",\"@id\":\"https:\\\/\\\/bzenbikes.com\\\/de\\\/servicecenter\\\/#local-main-organization-logo\",\"url\":\"https:\\\/\\\/bzenbikes.com\\\/wp-content\\\/uploads\\\/2025\\\/07\\\/cropped-bzen-fav-192x192-1.webp\",\"contentUrl\":\"https:\\\/\\\/bzenbikes.com\\\/wp-content\\\/uploads\\\/2025\\\/07\\\/cropped-bzen-fav-192x192-1.webp\",\"width\":192,\"height\":192,\"caption\":\"BZEN Bikes\"}]}<\/script>\n<!-- \/ Yoast SEO Premium plugin. -->","yoast_head_json":{"title":"Servicecenter BZEN E-Bikes - BZEN Bikes","robots":{"index":"index","follow":"follow","max-snippet":"max-snippet:-1","max-image-preview":"max-image-preview:large","max-video-preview":"max-video-preview:-1"},"canonical":"https:\/\/bzenbikes.com\/de\/servicecenter\/","og_locale":"de_DE","og_type":"article","og_title":"Servicecenter BZEN E-Bikes","og_url":"https:\/\/bzenbikes.com\/de\/servicecenter\/","og_site_name":"BZEN Bikes","article_publisher":"https:\/\/www.facebook.com\/BZENbikes\/","article_modified_time":"2025-11-04T09:37:24+00:00","twitter_card":"summary_large_image","schema":{"@context":"https:\/\/schema.org","@graph":[{"@type":"WebPage","@id":"https:\/\/bzenbikes.com\/de\/servicecenter\/","url":"https:\/\/bzenbikes.com\/de\/servicecenter\/","name":"Servicecenter BZEN E-Bikes - BZEN Bikes","isPartOf":{"@id":"https:\/\/bzenbikes.com\/de\/#website"},"datePublished":"2025-08-07T09:38:07+00:00","dateModified":"2025-11-04T09:37:24+00:00","breadcrumb":{"@id":"https:\/\/bzenbikes.com\/de\/servicecenter\/#breadcrumb"},"inLanguage":"de","potentialAction":[{"@type":"ReadAction","target":["https:\/\/bzenbikes.com\/de\/servicecenter\/"]}]},{"@type":"BreadcrumbList","@id":"https:\/\/bzenbikes.com\/de\/servicecenter\/#breadcrumb","itemListElement":[{"@type":"ListItem","position":1,"name":"BZEN","item":"https:\/\/bzenbikes.com\/de\/"},{"@type":"ListItem","position":2,"name":"Servicecenter BZEN E-Bikes"}]},{"@type":"WebSite","@id":"https:\/\/bzenbikes.com\/de\/#website","url":"https:\/\/bzenbikes.com\/de\/","name":"BZEN Bikes","description":"","publisher":{"@id":"https:\/\/bzenbikes.com\/de\/#organization"},"potentialAction":[{"@type":"SearchAction","target":{"@type":"EntryPoint","urlTemplate":"https:\/\/bzenbikes.com\/de\/?s={search_term_string}"},"query-input":{"@type":"PropertyValueSpecification","valueRequired":true,"valueName":"search_term_string"}}],"inLanguage":"de"},{"@type":["Organization","Place"],"@id":"https:\/\/bzenbikes.com\/de\/#organization","name":"BZEN Bikes","url":"https:\/\/bzenbikes.com\/de\/","logo":{"@id":"https:\/\/bzenbikes.com\/de\/servicecenter\/#local-main-organization-logo"},"image":{"@id":"https:\/\/bzenbikes.com\/de\/servicecenter\/#local-main-organization-logo"},"sameAs":["https:\/\/www.facebook.com\/BZENbikes\/"],"telephone":[],"openingHoursSpecification":[{"@type":"OpeningHoursSpecification","dayOfWeek":["Monday","Tuesday","Wednesday","Thursday","Friday","Saturday","Sunday"],"opens":"09:00","closes":"17:00"}]},{"@type":"ImageObject","inLanguage":"de","@id":"https:\/\/bzenbikes.com\/de\/servicecenter\/#local-main-organization-logo","url":"https:\/\/bzenbikes.com\/wp-content\/uploads\/2025\/07\/cropped-bzen-fav-192x192-1.webp","contentUrl":"https:\/\/bzenbikes.com\/wp-content\/uploads\/2025\/07\/cropped-bzen-fav-192x192-1.webp","width":192,"height":192,"caption":"BZEN Bikes"}]}},"_links":{"self":[{"href":"https:\/\/bzenbikes.com\/wp-json\/wp\/v2\/pages\/14771","targetHints":{"allow":["GET"]}}],"collection":[{"href":"https:\/\/bzenbikes.com\/wp-json\/wp\/v2\/pages"}],"about":[{"href":"https:\/\/bzenbikes.com\/wp-json\/wp\/v2\/types\/page"}],"author":[{"embeddable":true,"href":"https:\/\/bzenbikes.com\/wp-json\/wp\/v2\/users\/62"}],"replies":[{"embeddable":true,"href":"https:\/\/bzenbikes.com\/wp-json\/wp\/v2\/comments?post=14771"}],"version-history":[{"count":2,"href":"https:\/\/bzenbikes.com\/wp-json\/wp\/v2\/pages\/14771\/revisions"}],"predecessor-version":[{"id":360048,"href":"https:\/\/bzenbikes.com\/wp-json\/wp\/v2\/pages\/14771\/revisions\/360048"}],"wp:attachment":[{"href":"https:\/\/bzenbikes.com\/wp-json\/wp\/v2\/media?parent=14771"}],"curies":[{"name":"wp","href":"https:\/\/api.w.org\/{rel}","templated":true}]}}