{"id":12320,"date":"2025-07-17T17:55:52","date_gmt":"2025-07-17T17:55:52","guid":{"rendered":"https:\/\/bzen.stagenv.dev\/?page_id=12320"},"modified":"2025-09-04T09:51:03","modified_gmt":"2025-09-04T09:51:03","slug":"leasing-cycle-valley","status":"publish","type":"page","link":"https:\/\/bzenbikes.com\/fr\/leasing-cycle-valley\/","title":{"rendered":"Leasing Cycle Valley"},"content":{"rendered":"<section class=\"biznes-info-with-image\" style=\"margin-bottom: var(--wp--preset--spacing--size-48);\">\n\t\t\t\t<style>.biznes-info-with-image .container{display:grid;gap:1rem}@media(min-width: 993px){.biznes-info-with-image .container{grid-template-columns:1fr 1fr}}.biznes-info-with-image__content{padding:var(--wp--preset--spacing--size-80) var(--wp--preset--spacing--size-80) var(--wp--preset--spacing--size-32) var(--wp--preset--spacing--size-32);position:relative;flex:1;border:1px solid #f1e5d6;border-radius:1.5rem;overflow:hidden}.biznes-info-with-image__badge-wrapper{width:100%;display:flex;justify-content:flex-end;align-items:center}.biznes-info-with-image__badge{align-self:flex-end;justify-self:flex-end;font-size:1.5rem;width:100px;height:100px;border-radius:100%;text-align:center;background-color:var(--wp--preset--color--primary);display:flex;justify-content:center;align-items:center;color:#fff;font-weight:400}@media(min-width: 993px){.biznes-info-with-image__badge{width:126px;height:126px;font-size:2rem}}.biznes-info-with-image__background{position:absolute;top:0;left:0;right:0;bottom:0;z-index:-1;pointer-events:none}.biznes-info-with-image__background img{width:100%;height:100%;object-fit:cover;object-position:center}.biznes-info-with-image__img{width:100%;height:100%;flex:1}.biznes-info-with-image__img img{border-radius:1.5rem;width:100%;height:100%;object-fit:cover;object-position:center}\n<\/style>\n\t\t\t\t\t<div class=\"container\">\n\t\t<div class=\"biznes-info-with-image__content\">\n\t\t\t\t\t\t<div class=\"acf-innerblocks-container\">\n\t\t\t\t<style>\n<\/style>\n\t\t\t\t\n<figure class=\"wp-block-image size-full is-resized\"><img loading=\"lazy\" decoding=\"async\" width=\"660\" height=\"304\" src=\"https:\/\/bzenbikes.com\/wp-content\/uploads\/2025\/07\/cycle-valley-logo-2.webp\" alt=\"\" class=\"wp-image-12082\" style=\"width:391px;height:auto\" srcset=\"https:\/\/bzenbikes.com\/wp-content\/uploads\/2025\/07\/cycle-valley-logo-2.webp 660w, https:\/\/bzenbikes.com\/wp-content\/uploads\/2025\/07\/cycle-valley-logo-2-300x138.webp 300w, https:\/\/bzenbikes.com\/wp-content\/uploads\/2025\/07\/cycle-valley-logo-2-380x175.webp 380w, https:\/\/bzenbikes.com\/wp-content\/uploads\/2025\/07\/cycle-valley-logo-2-600x276.webp 600w\" sizes=\"auto, (max-width: 660px) 100vw, 660px\" \/><\/figure>\n\n\n\n<h2 class=\"wp-block-heading is-style-h3\">Louez votre v\u00e9lo \u00e9lectrique BZEN via votre employeur avec Cycle Valley et profitez d&rsquo;avantages fiscaux int\u00e9ressants !<\/h2>\n\n\n\t\t\t\t<style>p.is-style-uppercase{text-transform:uppercase}p.is-style-preheading{color:var(--wp--preset--color--secondary);text-transform:uppercase}p.is-style-subheading{color:var(--wp--preset--color--primary);font-weight:800;letter-spacing:0.075rem;margin-bottom:1.5rem;text-transform:uppercase;font-size:1rem;line-height:1.5}p.is-style-leadparagraph{font-weight:700;font-size:1rem;line-height:1.5}@media(min-width: 768px){p.is-style-leadparagraph{font-size:1.125rem;line-height:1.5}}\n<\/style>\n\t\t\t\t\n<p>Louez votre v\u00e9lo \u00e9lectrique BZEN via votre employeur avec Cycle Valley et profitez d&rsquo;avantages fiscaux int\u00e9ressants !<\/p>\n\n\n\n<p>Comment est-ce possible ? Simple. Simple. C&rsquo;est ainsi que Cycle Valley donne envie de se rendre au travail \u00e0 v\u00e9lo en toute insouciance !<\/p>\n\n\n\n<p>Their service includes de-risking with insurance, roadside assistance, maintenance budget and digital follow-up.<\/p>\n\n<\/div>\n\t\t\t\t\t\t\t<div class=\"biznes-info-with-image__background\">\n\t\t\t\t\t<img decoding=\"async\" width=\"664\" height=\"701\" src=\"https:\/\/bzenbikes.com\/wp-content\/uploads\/2025\/04\/Frame-48096646.jpg\" class=\"attachment-full size-full\" alt=\"\" loading=\"lazy\" srcset=\"https:\/\/bzenbikes.com\/wp-content\/uploads\/2025\/04\/Frame-48096646.jpg 664w, https:\/\/bzenbikes.com\/wp-content\/uploads\/2025\/04\/Frame-48096646-284x300.jpg 284w, https:\/\/bzenbikes.com\/wp-content\/uploads\/2025\/04\/Frame-48096646-360x380.jpg 360w, https:\/\/bzenbikes.com\/wp-content\/uploads\/2025\/04\/Frame-48096646-600x633.jpg 600w\" sizes=\"auto, (max-width: 664px) 100vw, 664px\" \/>\t\t\t\t<\/div>\n\t\t\t\t\t<\/div>\n\t\t\t\t\t<div class=\"biznes-info-with-image__img\">\n\t\t\t\t<img decoding=\"async\" width=\"781\" height=\"1080\" src=\"https:\/\/bzenbikes.com\/wp-content\/uploads\/2025\/07\/Amsterdam-white-hero.webp\" class=\"attachment-full size-full\" alt=\"\" loading=\"lazy\" srcset=\"https:\/\/bzenbikes.com\/wp-content\/uploads\/2025\/07\/Amsterdam-white-hero.webp 781w, https:\/\/bzenbikes.com\/wp-content\/uploads\/2025\/07\/Amsterdam-white-hero-217x300.webp 217w, https:\/\/bzenbikes.com\/wp-content\/uploads\/2025\/07\/Amsterdam-white-hero-741x1024.webp 741w, https:\/\/bzenbikes.com\/wp-content\/uploads\/2025\/07\/Amsterdam-white-hero-768x1062.webp 768w, https:\/\/bzenbikes.com\/wp-content\/uploads\/2025\/07\/Amsterdam-white-hero-275x380.webp 275w, https:\/\/bzenbikes.com\/wp-content\/uploads\/2025\/07\/Amsterdam-white-hero-289x400.webp 289w, https:\/\/bzenbikes.com\/wp-content\/uploads\/2025\/07\/Amsterdam-white-hero-600x830.webp 600w\" sizes=\"auto, (max-width: 781px) 100vw, 781px\" \/>\t\t\t<\/div>\n\t\t\t<\/div>\n<\/section>\n<section class=\"basic-container has-text-align-left d-flex is-content-justification-center-center\">\n\t\t\t\t<style>.basic-container{width:100%;position:relative;overflow:hidden}.basic-container .container--small{max-width:calc(1062px + 2rem)}.basic-container .container--small .has-text-align-center{margin:auto}.basic-container__background{position:absolute;z-index:0;top:0;right:0;bottom:0;left:0}.basic-container__background img{width:100%;height:100%;object-fit:cover}.basic-container__content{padding:0 1rem;position:relative;z-index:1}\n<\/style>\n\t\t\t\t\t<div class=\"basic-container__content container \">\n\t\t<div class=\"acf-innerblocks-container\">\n\n<h2 class=\"wp-block-heading\">Comment \u00e7a marche ?<\/h2>\n\n\n\n<p class=\"has-medium-font-size\">Vous avez d\u00e9cid\u00e9 de louer un v\u00e9lo BZEN via Cycle Valley ?<br\/>Dans ce cas, contactez-nous \u00e0 l&rsquo;adresse <a href=\"mailto:shop.antwerp@bzenbikes.com\">shop.antwerp@bzenbikes.com<\/a> ou passez \u00e0 notre BZEN E-Bike Shop <br\/>(Leopoldstratt 55, 2000 Anvers, TUE-SAT 11h00 &#8211; 18h30) pour nous parler du v\u00e9lo BZEN de votre choix.<\/p>\n\n\n\n<p class=\"has-medium-font-size\"><strong>IMPORTANT : <\/strong>Actuellement, le leasing Cycle Valley <strong>n&rsquo;<\/strong> est <strong>possible que lors de la livraison et de l&rsquo;enl\u00e8vement du<\/strong> v\u00e9lo BZEN souhait\u00e9 dans notre <strong>BZEN E-Bike Shop \u00e0 Anvers.<\/strong><\/p>\n\n\n\n<h2 class=\"wp-block-heading is-style-h3\">Le processus se poursuit ensuite comme suit :<\/h2>\n\n\n\n<div class=\"wp-block-columns is-layout-flex wp-container-core-columns-is-layout-8083d372 wp-block-columns-is-layout-flex\">\n<div class=\"wp-block-column has-border-color has-color-1-border-color is-layout-flow wp-block-column-is-layout-flow\" style=\"border-width:1px;border-radius:8px;padding-top:var(--wp--preset--spacing--size-32);padding-right:var(--wp--preset--spacing--size-32);padding-bottom:var(--wp--preset--spacing--size-32);padding-left:var(--wp--preset--spacing--size-32)\">\n<h2 class=\"wp-block-heading is-style-h3 has-secondary-color has-text-color has-link-color wp-elements-79f985d656d2e5cbc852288ebb7c438a\" style=\"margin-bottom:var(--wp--preset--spacing--size-32)\">Votre employeur est un client de Cycle Valley<\/h2>\n\n\n\n<ul class=\"wp-block-list\">\n<li style=\"padding-bottom:1rem\"><strong>Offre :<\/strong> Vous recevrez par e-mail une offre pour le v\u00e9lo BZEN souhait\u00e9, y compris les accessoires.<\/li>\n\n\n\n<li style=\"padding-bottom:1rem\"><strong>Cr\u00e9er un compte :<\/strong> Si vous n&rsquo;\u00eates pas encore enregistr\u00e9, cr\u00e9ez votre compte via<a href=\"https:\/\/www.cyclevalley.be\/en\/login\/\">login &#8211; Cycle Valley.<\/a> Pour ce faire, demandez votre code d&rsquo;acc\u00e8s \u00e0 votre employeur. <\/li>\n\n\n\n<li style=\"padding-bottom:1rem\"><strong>T\u00e9l\u00e9charger l&rsquo;offre :<\/strong> T\u00e9l\u00e9chargez les informations de votre offre BZEN dans votre compte Cycle Valley.<\/li>\n\n\n\n<li style=\"padding-bottom:1rem\"><strong>Approbation et courriel :<\/strong> Votre demande est en cours d&rsquo;examen. Une fois que les parties sont parvenues \u00e0 un accord, Cycle Valley nous transmettra le bon de commande et vous recevrez un e-mail de confirmation d\u00e8s que votre v\u00e9lo sera pr\u00eat \u00e0 \u00eatre exp\u00e9di\u00e9. <\/li>\n\n\n\n<li><strong>Livraison et retrait :<\/strong> Lorsque votre v\u00e9lo BZEN arrive dans notre Brand Shop, vous \u00eates pr\u00e9venu pour le retirer. Lorsque vous r\u00e9cup\u00e9rez votre v\u00e9lo, il vous suffit de confirmer la r\u00e9ception et vous \u00eates pr\u00eat \u00e0 rouler. <\/li>\n<\/ul>\n<\/div>\n\n\n\n<div class=\"wp-block-column has-border-color has-color-1-border-color is-layout-flow wp-block-column-is-layout-flow\" style=\"border-width:1px;border-radius:8px;padding-top:var(--wp--preset--spacing--size-32);padding-right:var(--wp--preset--spacing--size-32);padding-bottom:var(--wp--preset--spacing--size-32);padding-left:var(--wp--preset--spacing--size-32)\">\n<h2 class=\"wp-block-heading is-style-h3 has-color-6-color has-text-color has-link-color wp-elements-c58ff8c500c044c51a643085f6fd1e49\" style=\"margin-bottom:var(--wp--preset--spacing--size-32)\">Votre employeur n&rsquo;est pas encore client de Cycle Valley ?<\/h2>\n\n\n\n<ul class=\"wp-block-list\">\n<li style=\"padding-bottom:1rem\">Vous devrez donc d&rsquo;abord convaincre votre employeur de devenir client de Cycle Valley. Pour ce faire, n&rsquo;h\u00e9sitez pas \u00e0 contacter l&rsquo;\u00e9quipe Cycle Valley \u00e0 l&rsquo;adresse <a href=\"mailto:info@cyclevalley.be\">info@cyclevalley.be.<\/a> Elle se fera un plaisir de vous aider \u00e0 convaincre votre employeur des nombreux avantages offerts par Cycle Valley.  <\/li>\n<\/ul>\n<\/div>\n<\/div>\n\n<\/div>\n\t<\/div>\n<\/section>\n<section class=\"basic-container has-text-align-left d-flex is-content-justification-center-center has-background has-dark-background-color has-text-color has-light-color wp-elements-96bad9bbb08369df21b5a7ba9877247c\">\n\t<div class=\"basic-container__content container \">\n\t\t<div class=\"acf-innerblocks-container\">\n\n<p style=\"padding-top:var(--wp--preset--spacing--size-100);padding-bottom:var(--wp--preset--spacing--size-100);font-size:1.5rem\">Vous pouvez trouver plus d&rsquo;informations sur <a href=\"https:\/\/www.cyclevalley.be\/?lang=en\" target=\"_blank\" rel=\"noreferrer noopener\">www.cyclevalley.be,<\/a> <a href=\"mailto:info@cyclevalley.be\">info@cyclevalley.be<\/a> ou simplement nous contacter \u00e0 <a href=\"mailto:support@bzenbikes.com\">support@bzenbikes.com<\/a>.<\/p>\n\n<\/div>\n\t<\/div>\n<\/section>\n\n<p><\/p>\n","protected":false},"excerpt":{"rendered":"","protected":false},"author":1,"featured_media":0,"parent":0,"menu_order":0,"comment_status":"closed","ping_status":"closed","template":"","meta":{"_acf_changed":false,"footnotes":""},"class_list":["post-12320","page","type-page","status-publish","hentry"],"acf":[],"yoast_head":"<!-- This site is optimized with the Yoast SEO Premium plugin v27.3 (Yoast SEO v27.3) - https:\/\/yoast.com\/product\/yoast-seo-premium-wordpress\/ -->\n<title>Louez votre v\u00e9lo \u00e9lectrique BZEN avec Cycle Valley et \u00e9conomisez<\/title>\n<meta name=\"description\" content=\"Louez votre v\u00e9lo \u00e9lectrique BZEN par l&#039;interm\u00e9diaire de Cycle Valley et \u00e9conomisez jusqu&#039;\u00e0 60 %. B\u00e9n\u00e9ficiez d&#039;avantages fiscaux, d&#039;une assurance, d&#039;une assistance routi\u00e8re et d&#039;un trajet domicile-travail sans souci.\" \/>\n<meta name=\"robots\" content=\"index, follow, max-snippet:-1, max-image-preview:large, max-video-preview:-1\" \/>\n<link rel=\"canonical\" href=\"https:\/\/bzenbikes.com\/fr\/leasing-cycle-valley\/\" \/>\n<meta property=\"og:locale\" content=\"fr_FR\" \/>\n<meta property=\"og:type\" content=\"article\" \/>\n<meta property=\"og:title\" content=\"Leasing Cycle Valley\" \/>\n<meta property=\"og:description\" content=\"Louez votre v\u00e9lo \u00e9lectrique BZEN par l&#039;interm\u00e9diaire de Cycle Valley et \u00e9conomisez jusqu&#039;\u00e0 60 %. B\u00e9n\u00e9ficiez d&#039;avantages fiscaux, d&#039;une assurance, d&#039;une assistance routi\u00e8re et d&#039;un trajet domicile-travail sans souci.\" \/>\n<meta property=\"og:url\" content=\"https:\/\/bzenbikes.com\/fr\/leasing-cycle-valley\/\" \/>\n<meta property=\"og:site_name\" content=\"BZEN Bikes\" \/>\n<meta property=\"article:publisher\" content=\"https:\/\/www.facebook.com\/BZENbikes\/\" \/>\n<meta property=\"article:modified_time\" content=\"2025-09-04T09:51:03+00:00\" \/>\n<meta property=\"og:image\" content=\"https:\/\/bzenbikes.com\/wp-content\/uploads\/2025\/07\/cycle-valley-logo-2.webp\" \/>\n\t<meta property=\"og:image:width\" content=\"660\" \/>\n\t<meta property=\"og:image:height\" content=\"304\" \/>\n\t<meta property=\"og:image:type\" content=\"image\/webp\" \/>\n<meta name=\"twitter:card\" content=\"summary_large_image\" \/>\n<meta name=\"twitter:label1\" content=\"Dur\u00e9e de lecture estim\u00e9e\" \/>\n\t<meta name=\"twitter:data1\" content=\"2 minutes\" \/>\n<script type=\"application\/ld+json\" class=\"yoast-schema-graph\">{\"@context\":\"https:\\\/\\\/schema.org\",\"@graph\":[{\"@type\":\"WebPage\",\"@id\":\"https:\\\/\\\/bzenbikes.com\\\/fr\\\/leasing-cycle-valley\\\/\",\"url\":\"https:\\\/\\\/bzenbikes.com\\\/fr\\\/leasing-cycle-valley\\\/\",\"name\":\"Louez votre v\u00e9lo \u00e9lectrique BZEN avec Cycle Valley et \u00e9conomisez\",\"isPartOf\":{\"@id\":\"https:\\\/\\\/bzenbikes.com\\\/fr\\\/#website\"},\"primaryImageOfPage\":{\"@id\":\"https:\\\/\\\/bzenbikes.com\\\/fr\\\/leasing-cycle-valley\\\/#primaryimage\"},\"image\":{\"@id\":\"https:\\\/\\\/bzenbikes.com\\\/fr\\\/leasing-cycle-valley\\\/#primaryimage\"},\"thumbnailUrl\":\"https:\\\/\\\/bzenbikes.com\\\/wp-content\\\/uploads\\\/2025\\\/07\\\/cycle-valley-logo-2.webp\",\"datePublished\":\"2025-07-17T17:55:52+00:00\",\"dateModified\":\"2025-09-04T09:51:03+00:00\",\"description\":\"Louez votre v\u00e9lo \u00e9lectrique BZEN par l'interm\u00e9diaire de Cycle Valley et \u00e9conomisez jusqu'\u00e0 60 %. B\u00e9n\u00e9ficiez d'avantages fiscaux, d'une assurance, d'une assistance routi\u00e8re et d'un trajet domicile-travail sans souci.\",\"breadcrumb\":{\"@id\":\"https:\\\/\\\/bzenbikes.com\\\/fr\\\/leasing-cycle-valley\\\/#breadcrumb\"},\"inLanguage\":\"fr-FR\",\"potentialAction\":[{\"@type\":\"ReadAction\",\"target\":[\"https:\\\/\\\/bzenbikes.com\\\/fr\\\/leasing-cycle-valley\\\/\"]}]},{\"@type\":\"ImageObject\",\"inLanguage\":\"fr-FR\",\"@id\":\"https:\\\/\\\/bzenbikes.com\\\/fr\\\/leasing-cycle-valley\\\/#primaryimage\",\"url\":\"https:\\\/\\\/bzenbikes.com\\\/wp-content\\\/uploads\\\/2025\\\/07\\\/cycle-valley-logo-2.webp\",\"contentUrl\":\"https:\\\/\\\/bzenbikes.com\\\/wp-content\\\/uploads\\\/2025\\\/07\\\/cycle-valley-logo-2.webp\"},{\"@type\":\"BreadcrumbList\",\"@id\":\"https:\\\/\\\/bzenbikes.com\\\/fr\\\/leasing-cycle-valley\\\/#breadcrumb\",\"itemListElement\":[{\"@type\":\"ListItem\",\"position\":1,\"name\":\"BZEN\",\"item\":\"https:\\\/\\\/bzenbikes.com\\\/fr\\\/\"},{\"@type\":\"ListItem\",\"position\":2,\"name\":\"Leasing Cycle Valley\"}]},{\"@type\":\"WebSite\",\"@id\":\"https:\\\/\\\/bzenbikes.com\\\/fr\\\/#website\",\"url\":\"https:\\\/\\\/bzenbikes.com\\\/fr\\\/\",\"name\":\"BZEN Bikes\",\"description\":\"\",\"publisher\":{\"@id\":\"https:\\\/\\\/bzenbikes.com\\\/fr\\\/#organization\"},\"potentialAction\":[{\"@type\":\"SearchAction\",\"target\":{\"@type\":\"EntryPoint\",\"urlTemplate\":\"https:\\\/\\\/bzenbikes.com\\\/fr\\\/?s={search_term_string}\"},\"query-input\":{\"@type\":\"PropertyValueSpecification\",\"valueRequired\":true,\"valueName\":\"search_term_string\"}}],\"inLanguage\":\"fr-FR\"},{\"@type\":[\"Organization\",\"Place\"],\"@id\":\"https:\\\/\\\/bzenbikes.com\\\/fr\\\/#organization\",\"name\":\"BZEN Bikes\",\"url\":\"https:\\\/\\\/bzenbikes.com\\\/fr\\\/\",\"logo\":{\"@id\":\"https:\\\/\\\/bzenbikes.com\\\/fr\\\/leasing-cycle-valley\\\/#local-main-organization-logo\"},\"image\":{\"@id\":\"https:\\\/\\\/bzenbikes.com\\\/fr\\\/leasing-cycle-valley\\\/#local-main-organization-logo\"},\"sameAs\":[\"https:\\\/\\\/www.facebook.com\\\/BZENbikes\\\/\"],\"telephone\":[],\"openingHoursSpecification\":[{\"@type\":\"OpeningHoursSpecification\",\"dayOfWeek\":[\"Monday\",\"Tuesday\",\"Wednesday\",\"Thursday\",\"Friday\",\"Saturday\",\"Sunday\"],\"opens\":\"09:00\",\"closes\":\"17:00\"}]},{\"@type\":\"ImageObject\",\"inLanguage\":\"fr-FR\",\"@id\":\"https:\\\/\\\/bzenbikes.com\\\/fr\\\/leasing-cycle-valley\\\/#local-main-organization-logo\",\"url\":\"https:\\\/\\\/bzenbikes.com\\\/wp-content\\\/uploads\\\/2025\\\/07\\\/cropped-bzen-fav-192x192-1.webp\",\"contentUrl\":\"https:\\\/\\\/bzenbikes.com\\\/wp-content\\\/uploads\\\/2025\\\/07\\\/cropped-bzen-fav-192x192-1.webp\",\"width\":192,\"height\":192,\"caption\":\"BZEN Bikes\"}]}<\/script>\n<!-- \/ Yoast SEO Premium plugin. -->","yoast_head_json":{"title":"Louez votre v\u00e9lo \u00e9lectrique BZEN avec Cycle Valley et \u00e9conomisez","description":"Louez votre v\u00e9lo \u00e9lectrique BZEN par l'interm\u00e9diaire de Cycle Valley et \u00e9conomisez jusqu'\u00e0 60 %. B\u00e9n\u00e9ficiez d'avantages fiscaux, d'une assurance, d'une assistance routi\u00e8re et d'un trajet domicile-travail sans souci.","robots":{"index":"index","follow":"follow","max-snippet":"max-snippet:-1","max-image-preview":"max-image-preview:large","max-video-preview":"max-video-preview:-1"},"canonical":"https:\/\/bzenbikes.com\/fr\/leasing-cycle-valley\/","og_locale":"fr_FR","og_type":"article","og_title":"Leasing Cycle Valley","og_description":"Louez votre v\u00e9lo \u00e9lectrique BZEN par l'interm\u00e9diaire de Cycle Valley et \u00e9conomisez jusqu'\u00e0 60 %. B\u00e9n\u00e9ficiez d'avantages fiscaux, d'une assurance, d'une assistance routi\u00e8re et d'un trajet domicile-travail sans souci.","og_url":"https:\/\/bzenbikes.com\/fr\/leasing-cycle-valley\/","og_site_name":"BZEN Bikes","article_publisher":"https:\/\/www.facebook.com\/BZENbikes\/","article_modified_time":"2025-09-04T09:51:03+00:00","og_image":[{"width":660,"height":304,"url":"https:\/\/bzenbikes.com\/wp-content\/uploads\/2025\/07\/cycle-valley-logo-2.webp","type":"image\/webp"}],"twitter_card":"summary_large_image","twitter_misc":{"Dur\u00e9e de lecture estim\u00e9e":"2 minutes"},"schema":{"@context":"https:\/\/schema.org","@graph":[{"@type":"WebPage","@id":"https:\/\/bzenbikes.com\/fr\/leasing-cycle-valley\/","url":"https:\/\/bzenbikes.com\/fr\/leasing-cycle-valley\/","name":"Louez votre v\u00e9lo \u00e9lectrique BZEN avec Cycle Valley et \u00e9conomisez","isPartOf":{"@id":"https:\/\/bzenbikes.com\/fr\/#website"},"primaryImageOfPage":{"@id":"https:\/\/bzenbikes.com\/fr\/leasing-cycle-valley\/#primaryimage"},"image":{"@id":"https:\/\/bzenbikes.com\/fr\/leasing-cycle-valley\/#primaryimage"},"thumbnailUrl":"https:\/\/bzenbikes.com\/wp-content\/uploads\/2025\/07\/cycle-valley-logo-2.webp","datePublished":"2025-07-17T17:55:52+00:00","dateModified":"2025-09-04T09:51:03+00:00","description":"Louez votre v\u00e9lo \u00e9lectrique BZEN par l'interm\u00e9diaire de Cycle Valley et \u00e9conomisez jusqu'\u00e0 60 %. B\u00e9n\u00e9ficiez d'avantages fiscaux, d'une assurance, d'une assistance routi\u00e8re et d'un trajet domicile-travail sans souci.","breadcrumb":{"@id":"https:\/\/bzenbikes.com\/fr\/leasing-cycle-valley\/#breadcrumb"},"inLanguage":"fr-FR","potentialAction":[{"@type":"ReadAction","target":["https:\/\/bzenbikes.com\/fr\/leasing-cycle-valley\/"]}]},{"@type":"ImageObject","inLanguage":"fr-FR","@id":"https:\/\/bzenbikes.com\/fr\/leasing-cycle-valley\/#primaryimage","url":"https:\/\/bzenbikes.com\/wp-content\/uploads\/2025\/07\/cycle-valley-logo-2.webp","contentUrl":"https:\/\/bzenbikes.com\/wp-content\/uploads\/2025\/07\/cycle-valley-logo-2.webp"},{"@type":"BreadcrumbList","@id":"https:\/\/bzenbikes.com\/fr\/leasing-cycle-valley\/#breadcrumb","itemListElement":[{"@type":"ListItem","position":1,"name":"BZEN","item":"https:\/\/bzenbikes.com\/fr\/"},{"@type":"ListItem","position":2,"name":"Leasing Cycle Valley"}]},{"@type":"WebSite","@id":"https:\/\/bzenbikes.com\/fr\/#website","url":"https:\/\/bzenbikes.com\/fr\/","name":"BZEN Bikes","description":"","publisher":{"@id":"https:\/\/bzenbikes.com\/fr\/#organization"},"potentialAction":[{"@type":"SearchAction","target":{"@type":"EntryPoint","urlTemplate":"https:\/\/bzenbikes.com\/fr\/?s={search_term_string}"},"query-input":{"@type":"PropertyValueSpecification","valueRequired":true,"valueName":"search_term_string"}}],"inLanguage":"fr-FR"},{"@type":["Organization","Place"],"@id":"https:\/\/bzenbikes.com\/fr\/#organization","name":"BZEN Bikes","url":"https:\/\/bzenbikes.com\/fr\/","logo":{"@id":"https:\/\/bzenbikes.com\/fr\/leasing-cycle-valley\/#local-main-organization-logo"},"image":{"@id":"https:\/\/bzenbikes.com\/fr\/leasing-cycle-valley\/#local-main-organization-logo"},"sameAs":["https:\/\/www.facebook.com\/BZENbikes\/"],"telephone":[],"openingHoursSpecification":[{"@type":"OpeningHoursSpecification","dayOfWeek":["Monday","Tuesday","Wednesday","Thursday","Friday","Saturday","Sunday"],"opens":"09:00","closes":"17:00"}]},{"@type":"ImageObject","inLanguage":"fr-FR","@id":"https:\/\/bzenbikes.com\/fr\/leasing-cycle-valley\/#local-main-organization-logo","url":"https:\/\/bzenbikes.com\/wp-content\/uploads\/2025\/07\/cropped-bzen-fav-192x192-1.webp","contentUrl":"https:\/\/bzenbikes.com\/wp-content\/uploads\/2025\/07\/cropped-bzen-fav-192x192-1.webp","width":192,"height":192,"caption":"BZEN Bikes"}]}},"_links":{"self":[{"href":"https:\/\/bzenbikes.com\/wp-json\/wp\/v2\/pages\/12320","targetHints":{"allow":["GET"]}}],"collection":[{"href":"https:\/\/bzenbikes.com\/wp-json\/wp\/v2\/pages"}],"about":[{"href":"https:\/\/bzenbikes.com\/wp-json\/wp\/v2\/types\/page"}],"author":[{"embeddable":true,"href":"https:\/\/bzenbikes.com\/wp-json\/wp\/v2\/users\/1"}],"replies":[{"embeddable":true,"href":"https:\/\/bzenbikes.com\/wp-json\/wp\/v2\/comments?post=12320"}],"version-history":[{"count":2,"href":"https:\/\/bzenbikes.com\/wp-json\/wp\/v2\/pages\/12320\/revisions"}],"predecessor-version":[{"id":23502,"href":"https:\/\/bzenbikes.com\/wp-json\/wp\/v2\/pages\/12320\/revisions\/23502"}],"wp:attachment":[{"href":"https:\/\/bzenbikes.com\/wp-json\/wp\/v2\/media?parent=12320"}],"curies":[{"name":"wp","href":"https:\/\/api.w.org\/{rel}","templated":true}]}}